{"id":11,"date":"2020-06-25T13:29:34","date_gmt":"2020-06-25T13:29:34","guid":{"rendered":"http:\/\/ectoparasitos.gorgas.gob.pa\/?page_id=11"},"modified":"2021-09-08T19:54:15","modified_gmt":"2021-09-08T19:54:15","slug":"capacidades","status":"publish","type":"page","link":"https:\/\/ectoparasitos.gorgas.gob.pa\/?page_id=11","title":{"rendered":"Capacidades"},"content":{"rendered":"<p><strong>Acervo de Ectopar\u00e1sitos<\/strong><\/p>\n<p>Actualmente contamos con una de las m\u00e1s completas colecciones de garrapatas de la regi\u00f3n, con m\u00e1s de 10 mil ejemplares provenientes de principalmente de Panam\u00e1. Tambi\u00e9n contamos con material de otros pa\u00edses de Am\u00e9rica (Argentina, Belice, Brasil, Colombia, Costa Rica, Estados Unidos, Honduras, M\u00e9xico, Nicaragua, Paraguay, Rep\u00fablica Dominicana, Uruguay, Venezuela), \u00c1frica (Kenia), Asia (China) y Europa (Alemania, Espa\u00f1a e Italia).<\/p>\n<p>Adicionalmente, mantenemos una importante colecci\u00f3n de \u00e1caros paras\u00edticos, piojos, pulgas y moscas paras\u00edticas (Oestridae, Callihoridae, Sarcophagidae,\u00a0Muscidae, Hippoboscidae y Streblidae).<\/p>\n<p><strong>\u00d3ptica y captura de im\u00e1genes<\/strong><\/p>\n<p>El Departamento de Investigaci\u00f3n en Entomolog\u00eda M\u00e9dica (DIEM) cuenta con microscopios y estereoscopios de alta calidad, incluyendo los equipos integrados de fotograf\u00eda\u00a0Leica MZ 125 y DME con la c\u00e1mara DFC 500, y\u00a0Leica M205A con c\u00e1mara MC-170HD.<\/p>\n<p><strong>Extracci\u00f3n de ADN, PCR y secuenciaci\u00f3n<\/strong><\/p>\n<p>El DIEM cuenta con equipos para hacer an\u00e1lisis moleculares, incluyendo cabinas, termocicladores (convencionales, tiempo real y tiempo final), c\u00e1maras de electroforesis, fotodocumentadores de geles, entre otros.<\/p>\n<p>Adicionalmente, en el Instituto Gorgas, los Departamentos de Investigaci\u00f3n de Virolog\u00eda y Biotecnolog\u00eda, y de Investigaci\u00f3n en Gen\u00f3mica y Prote\u00f3mica, cuentan con secuenciadores; y el Departamento de Investigaci\u00f3n-Vigilancia y Riesgo Biol\u00f3gico 3, cuenta con un laboratorio de riesgo biol\u00f3gico 3, en el cual se han aislado y cultivado cepas de <em>Rickettsia rickettsii<\/em> y <em>Rickettsia amblyommatis<\/em>.<\/p>\n","protected":false},"excerpt":{"rendered":"<p>Acervo de Ectopar\u00e1sitos Actualmente contamos con una de las m\u00e1s completas colecciones de garrapatas de la regi\u00f3n, con m\u00e1s de 10 mil ejemplares provenientes de principalmente de Panam\u00e1. Tambi\u00e9n contamos con material de otros pa\u00edses de Am\u00e9rica (Argentina, Belice, Brasil, Colombia, Costa Rica, Estados Unidos, Honduras, M\u00e9xico, Nicaragua, Paraguay, Rep\u00fablica Dominicana, Uruguay, Venezuela), \u00c1frica (Kenia), [&hellip;]<\/p>\n","protected":false},"author":1,"featured_media":0,"parent":0,"menu_order":0,"comment_status":"closed","ping_status":"closed","template":"","meta":[],"_links":{"self":[{"href":"https:\/\/ectoparasitos.gorgas.gob.pa\/index.php?rest_route=\/wp\/v2\/pages\/11"}],"collection":[{"href":"https:\/\/ectoparasitos.gorgas.gob.pa\/index.php?rest_route=\/wp\/v2\/pages"}],"about":[{"href":"https:\/\/ectoparasitos.gorgas.gob.pa\/index.php?rest_route=\/wp\/v2\/types\/page"}],"author":[{"embeddable":true,"href":"https:\/\/ectoparasitos.gorgas.gob.pa\/index.php?rest_route=\/wp\/v2\/users\/1"}],"replies":[{"embeddable":true,"href":"https:\/\/ectoparasitos.gorgas.gob.pa\/index.php?rest_route=%2Fwp%2Fv2%2Fcomments&post=11"}],"version-history":[{"count":7,"href":"https:\/\/ectoparasitos.gorgas.gob.pa\/index.php?rest_route=\/wp\/v2\/pages\/11\/revisions"}],"predecessor-version":[{"id":297,"href":"https:\/\/ectoparasitos.gorgas.gob.pa\/index.php?rest_route=\/wp\/v2\/pages\/11\/revisions\/297"}],"wp:attachment":[{"href":"https:\/\/ectoparasitos.gorgas.gob.pa\/index.php?rest_route=%2Fwp%2Fv2%2Fmedia&parent=11"}],"curies":[{"name":"wp","href":"https:\/\/api.w.org\/{rel}","templated":true}]}}