{"id":128,"date":"2020-07-02T15:05:41","date_gmt":"2020-07-02T15:05:41","guid":{"rendered":"http:\/\/ectoparasitos.gorgas.gob.pa\/?page_id=128"},"modified":"2021-04-19T14:37:51","modified_gmt":"2021-04-19T14:37:51","slug":"coiba-aip","status":"publish","type":"page","link":"https:\/\/ectoparasitos.gorgas.gob.pa\/?page_id=128","title":{"rendered":"Coiba AIP"},"content":{"rendered":"<p><b><img decoding=\"async\" loading=\"lazy\" class=\"size-medium wp-image-121 alignleft\" src=\"http:\/\/ectoparasitos.gorgas.gob.pa\/wp-content\/uploads\/2020\/06\/logo-coiba-aip-300x198.png\" alt=\"\" width=\"300\" height=\"198\" srcset=\"https:\/\/ectoparasitos.gorgas.gob.pa\/wp-content\/uploads\/2020\/06\/logo-coiba-aip-300x198.png 300w, https:\/\/ectoparasitos.gorgas.gob.pa\/wp-content\/uploads\/2020\/06\/logo-coiba-aip.png 500w\" sizes=\"(max-width: 300px) 100vw, 300px\" \/>PROYECTO<\/b>: Inventario r\u00e1pido y elaboraci\u00f3n de un cat\u00e1logo de las especies de ar\u00e1cnidos de importancia m\u00e9dica en el Parque Nacional Coiba, con \u00e9nfasis en garrapatas, escorpiones y ara\u00f1as,<\/p>\n<p><b>Investigador <\/b><b>principal: <\/b>Sergio Berm\u00fadez<\/p>\n<p><b>Fuente <\/b><b>de financiamiento: <\/b>Coiba AIP<\/p>\n<p><b>Breve <\/b><b>resumen del proyecto: <\/b>Este proyecto tiene como objetivo lograr un cat\u00e1logo preliminar de las especies de escorpiones, ara\u00f1as y garrapatas que representen un riesgo para los guardaparques, investigadores y visitantes del PNC.<\/p>\n<p>Publicaci\u00f3n relevante:Mu\u00f1oz-Leal S*, Dom\u00ednguez L, Amstrong B, Labruna M, <strong>Berm\u00fadez S<\/strong>*. 2020. <em>Ornithodoros<\/em> <em>capensis<\/em> sensu stricto (Ixodida: Argasidae) in Coiba National Park: first report for Panama, with notes on the <em> capensis<\/em> group in Panamanian shores and Costa Rica. <strong><u>Experimental and Applied Acarology <\/u><\/strong><a href=\"https:\/\/doi.org\/10.1007\/s10493-020-00516-z\">https:\/\/doi.org\/10.1007\/s10493-020-00516-z<\/a><strong><u>.<\/u><\/strong><\/p>\n<p><a href=\"http:\/\/www.coiba.org.pa\/\">http:\/\/www.coiba.org.pa<\/a><a href=\"http:\/\/www.coiba.org.pa\/\">\/<\/a><\/p>\n","protected":false},"excerpt":{"rendered":"<p>PROYECTO: Inventario r\u00e1pido y elaboraci\u00f3n de un cat\u00e1logo de las especies de ar\u00e1cnidos de importancia m\u00e9dica en el Parque Nacional Coiba, con \u00e9nfasis en garrapatas, escorpiones y ara\u00f1as, Investigador principal: Sergio Berm\u00fadez Fuente de financiamiento: Coiba AIP Breve resumen del proyecto: Este proyecto tiene como objetivo lograr un cat\u00e1logo preliminar de las especies de escorpiones, [&hellip;]<\/p>\n","protected":false},"author":1,"featured_media":0,"parent":0,"menu_order":0,"comment_status":"closed","ping_status":"closed","template":"","meta":[],"_links":{"self":[{"href":"https:\/\/ectoparasitos.gorgas.gob.pa\/index.php?rest_route=\/wp\/v2\/pages\/128"}],"collection":[{"href":"https:\/\/ectoparasitos.gorgas.gob.pa\/index.php?rest_route=\/wp\/v2\/pages"}],"about":[{"href":"https:\/\/ectoparasitos.gorgas.gob.pa\/index.php?rest_route=\/wp\/v2\/types\/page"}],"author":[{"embeddable":true,"href":"https:\/\/ectoparasitos.gorgas.gob.pa\/index.php?rest_route=\/wp\/v2\/users\/1"}],"replies":[{"embeddable":true,"href":"https:\/\/ectoparasitos.gorgas.gob.pa\/index.php?rest_route=%2Fwp%2Fv2%2Fcomments&post=128"}],"version-history":[{"count":3,"href":"https:\/\/ectoparasitos.gorgas.gob.pa\/index.php?rest_route=\/wp\/v2\/pages\/128\/revisions"}],"predecessor-version":[{"id":294,"href":"https:\/\/ectoparasitos.gorgas.gob.pa\/index.php?rest_route=\/wp\/v2\/pages\/128\/revisions\/294"}],"wp:attachment":[{"href":"https:\/\/ectoparasitos.gorgas.gob.pa\/index.php?rest_route=%2Fwp%2Fv2%2Fmedia&parent=128"}],"curies":[{"name":"wp","href":"https:\/\/api.w.org\/{rel}","templated":true}]}}