{"id":141,"date":"2020-07-02T15:23:21","date_gmt":"2020-07-02T15:23:21","guid":{"rendered":"http:\/\/ectoparasitos.gorgas.gob.pa\/?page_id=141"},"modified":"2020-07-28T17:49:38","modified_gmt":"2020-07-28T17:49:38","slug":"pautas-de-control","status":"publish","type":"page","link":"https:\/\/ectoparasitos.gorgas.gob.pa\/?page_id=141","title":{"rendered":""},"content":{"rendered":"<p><b><img decoding=\"async\" loading=\"lazy\" class=\"alignnone wp-image-134 size-full\" src=\"http:\/\/ectoparasitos.gorgas.gob.pa\/wp-content\/uploads\/2020\/07\/pautas-de-control-quimico.png\" alt=\"\" width=\"536\" height=\"103\" srcset=\"https:\/\/ectoparasitos.gorgas.gob.pa\/wp-content\/uploads\/2020\/07\/pautas-de-control-quimico.png 536w, https:\/\/ectoparasitos.gorgas.gob.pa\/wp-content\/uploads\/2020\/07\/pautas-de-control-quimico-300x58.png 300w\" sizes=\"(max-width: 536px) 100vw, 536px\" \/><br \/>\nRed<\/b>: Pautas de control qu\u00edmico y vacunal de las garrapatas del vacuno en Am\u00e9rica (LAGAR).<\/p>\n<p><b>Coordinador <\/b><b>General: <\/b>Dr. Agust\u00edn Estrada-Pe\u00f1a, Universidad de Zaragoza-Espa\u00f1a. Participantes de Argentina (Dr. Santiago Nava, Dra. Evelina Tarragona), Brasil (Dr. Marcelo Labruna, Dr. Mat\u00edan Szab\u00f3), Espa\u00f1a (Dr. Jos\u00e9 de la Fuente), M\u00e9xico (Juan Mosqueda, Octavio Merino), Panam\u00e1 (MSc. Sergio Berm\u00fadez), Portugal (Dra. Ana Domingos) y Uruguay (Dr. Jos\u00e9 Venzal).<\/p>\n<p><b>Fuente <\/b><b>de financiamiento: <\/b>CYTED P117RT0292<\/p>\n<p><b>Breve <\/b><b>resumen del proyecto:<\/b><\/p>\n<p>El principal objetivo consiste en generar conocimientos sobre las especies de garrapatas de los rumiantes con mayor impacto econ\u00f3mico en Am\u00e9rica Latina. Estas especies son <i>Rhipicephalus <\/i><i>microplus<\/i>, <i>R. <\/i><i>annulatus<\/i>, <i>Amblyomma <\/i><i>cajennense<\/i>, <i>A. <\/i><i>sculptum<\/i> y <i>A. <\/i><i>mixtum<\/i>. Estas importancia econ\u00f3mica derivada de su capacidad para transmitir diversos pat\u00f3genos, entre los que <i>Babesia<\/i> spp. y <i>Anaplasma<\/i> <i>marginale<\/i> son los m\u00e1s importantes.<\/p>\n<p><b>Publicaciones:<\/b><\/p>\n<p>Estrada-Pe\u00f1a A*, Nava S, Tarragona E,\u00a0 Berm\u00fadez S, de la Fuente J, Domingos A, Labruna M, Mosqueda J, Merino O, Szab\u00f3 M, Venzal J, Guglielmone A. 2020. Species occurrence of ticks in South America, and interactions with biotic and abiotic traits. <u><b>Scientific Data 6(299): 1-5. https:\/\/doi.org\/10.1038\/s41597-019-0314-0<\/b><\/u>.<\/p>\n<p><a href=\"http:\/\/www.cyted.org\/es\/lagar\">http:\/\/<\/a><a href=\"http:\/\/www.cyted.org\/es\/lagar\">www.cyted.org\/es\/lagar<\/a><\/p>\n","protected":false},"excerpt":{"rendered":"<p>Red: Pautas de control qu\u00edmico y vacunal de las garrapatas del vacuno en Am\u00e9rica (LAGAR). Coordinador General: Dr. Agust\u00edn Estrada-Pe\u00f1a, Universidad de Zaragoza-Espa\u00f1a. Participantes de Argentina (Dr. Santiago Nava, Dra. Evelina Tarragona), Brasil (Dr. Marcelo Labruna, Dr. Mat\u00edan Szab\u00f3), Espa\u00f1a (Dr. Jos\u00e9 de la Fuente), M\u00e9xico (Juan Mosqueda, Octavio Merino), Panam\u00e1 (MSc. Sergio Berm\u00fadez), Portugal [&hellip;]<\/p>\n","protected":false},"author":1,"featured_media":0,"parent":0,"menu_order":0,"comment_status":"closed","ping_status":"closed","template":"","meta":[],"_links":{"self":[{"href":"https:\/\/ectoparasitos.gorgas.gob.pa\/index.php?rest_route=\/wp\/v2\/pages\/141"}],"collection":[{"href":"https:\/\/ectoparasitos.gorgas.gob.pa\/index.php?rest_route=\/wp\/v2\/pages"}],"about":[{"href":"https:\/\/ectoparasitos.gorgas.gob.pa\/index.php?rest_route=\/wp\/v2\/types\/page"}],"author":[{"embeddable":true,"href":"https:\/\/ectoparasitos.gorgas.gob.pa\/index.php?rest_route=\/wp\/v2\/users\/1"}],"replies":[{"embeddable":true,"href":"https:\/\/ectoparasitos.gorgas.gob.pa\/index.php?rest_route=%2Fwp%2Fv2%2Fcomments&post=141"}],"version-history":[{"count":3,"href":"https:\/\/ectoparasitos.gorgas.gob.pa\/index.php?rest_route=\/wp\/v2\/pages\/141\/revisions"}],"predecessor-version":[{"id":178,"href":"https:\/\/ectoparasitos.gorgas.gob.pa\/index.php?rest_route=\/wp\/v2\/pages\/141\/revisions\/178"}],"wp:attachment":[{"href":"https:\/\/ectoparasitos.gorgas.gob.pa\/index.php?rest_route=%2Fwp%2Fv2%2Fmedia&parent=141"}],"curies":[{"name":"wp","href":"https:\/\/api.w.org\/{rel}","templated":true}]}}