{"id":15,"date":"2020-06-25T13:30:08","date_gmt":"2020-06-25T13:30:08","guid":{"rendered":"http:\/\/ectoparasitos.gorgas.gob.pa\/?page_id=15"},"modified":"2021-04-19T14:40:44","modified_gmt":"2021-04-19T14:40:44","slug":"lineas-de-trabajo","status":"publish","type":"page","link":"https:\/\/ectoparasitos.gorgas.gob.pa\/?page_id=15","title":{"rendered":"Lineas de Investigaci\u00f3n"},"content":{"rendered":"<ul>\n<li class=\"rich-text\" style=\"background: white; margin: 21.0pt 0cm 21.0pt 0cm;\">\n<h2><strong><span style=\"font-family: 'Noto Serif',serif; color: #191e23;\">Sistem\u00e1tica y taxonom\u00eda<\/span><\/strong><span style=\"font-family: 'Noto Serif',serif; color: #191e23;\">.<\/span><\/h2>\n<\/li>\n<\/ul>\n<p class=\"rich-text\" style=\"background: white; margin: 21.0pt 0cm 21.0pt 0cm;\"><span style=\"font-family: 'Noto Serif',serif; color: #191e23;\">La correcta identificaci\u00f3n de las garrapatas es un aspecto fundamental en nuestros estudios, para lo cual recurrimos a aspectos b\u00e1sicos de sistem\u00e1tica y taxonom\u00eda, utilizando descripciones de especies y revisi\u00f3n de material tipo. En algunos casos la identificaci\u00f3n morfol\u00f3gica es complementada con an\u00e1lisis moleculares, comparando ADN nuclear y mitocondrial de especies neotropicales. Estas comparaciones nos aportan informaci\u00f3n sobre filogeograf\u00eda y nos ayuda a \u201cdesenredar\u201d complejos de especies.<\/span><\/p>\n<ul>\n<li class=\"rich-text\" style=\"background: white; margin: 21.0pt 0cm 21.0pt 0cm;\">\n<h2><strong><span style=\"font-family: 'Noto Serif',serif; color: #191e23;\">Bionom\u00eda de garrapatas<\/span><\/strong><\/h2>\n<\/li>\n<\/ul>\n<p class=\"rich-text\" style=\"background: white; margin: 21.0pt 0cm 21.0pt 0cm;\"><span style=\"font-family: 'Noto Serif',serif; color: #191e23;\">Los constantes cambios en el paisaje natural ha irrumpido en la ecolog\u00eda de diferentes grupos de ectopar\u00e1sitos, y las garrapatas no se escapan de esta realidad. Por tanto, uno de nuestros principales intereses es comprender c\u00f3mo se da la distribuci\u00f3n de las garrapatas en la regi\u00f3n, estudiando ecosistemas naturales y antropog\u00e9nicos. Nuestro trabajo se basa en la colecta de ectopar\u00e1sitos en animales silvestres y dom\u00e9sticos. Trabajamos en conjunto con organizaciones que se dedican al rescate de fauna y a estudios con vertebrados. En el caso de las garrapatas, debido a que gran parte de la vida se desenvuelve fuera de sus hospederos, tambi\u00e9n estudiamos el ambiente donde se desarrollan sus fases no paras\u00edticas. Esta informaci\u00f3n es tabulada para definir distribuci\u00f3n o para determinar modelos ecol\u00f3gicos. Los espec\u00edmenes que colectamos son depositamos en el Acervo de Ectopar\u00e1sitos de la Colecci\u00f3n Zool\u00f3gica \u00abDr. Eustorgio M\u00e9ndez\u00bb del ICGES, la cual es una de las m\u00e1s completas en Am\u00e9rica Latina en este tema.<\/span><\/p>\n<ul>\n<li class=\"rich-text\" style=\"background: white; margin: 21.0pt 0cm 21.0pt 0cm;\">\n<h2><strong><span style=\"font-family: 'Noto Serif',serif; color: #191e23;\">Ectopar\u00e1sitos y salud p\u00fablica<\/span><\/strong><\/h2>\n<\/li>\n<\/ul>\n<p class=\"rich-text\" style=\"background: white; margin: 21.0pt 0cm 21.0pt 0cm;\"><span style=\"font-family: 'Noto Serif',serif; color: #191e23;\">Aunque en la actualidad las enfermedades transmitidas por ectopar\u00e1sitos son poco conocidas en Panam\u00e1, \u00e9stas fueron prolijamente estudiadas a principios del siglo pasado. Enfermedades como las fiebres recurrentes transmitidas por garrapatas Argasidae, la fiebre manchada por\u00a0<em><span style=\"font-family: 'Noto Serif',serif;\">Rickettsia rickettsii<\/span><\/em>, el tifus murino, la fiebre Q, ehrlichiosis, babesiosis y anaplasmatosis, est\u00e1n entre las principales zoonosis a nivel mundial, mientras que en Panam\u00e1 son consideradas enfermedades desatendidas. Por esta raz\u00f3n nos dedicamos a la detecci\u00f3n molecular de pat\u00f3genos en garrapatas y otros ectopar\u00e1sitos, adem\u00e1s de buscar anticuerpos en el suero de sus hospederos. De esta manera conocemos que pat\u00f3genos o potenciales pat\u00f3genos circulan en el pa\u00eds. Esta l\u00ednea es complementada con las anteriores y nos brindan un panorama sobre potenciales factores de riesgo de contacto. Dentro de nuestros principales aportes est\u00e1n los reportes de nuevas especies de Rickettsia y los exitosos asilamientos y cultivos de <em>Rickettsia rickettsii<\/em> y <em>Rickettsia amblyommatis<\/em>.<\/span><\/p>\n<ul>\n<li class=\"rich-text\">\n<h2><strong>Ectopar\u00e1sitos de vertebrados terrestres<\/strong><\/h2>\n<\/li>\n<\/ul>\n<p class=\"rich-text\">Hoy d\u00eda, adem\u00e1s de los trabajos de la relaci\u00f3n garrapata-hospedero, estamos actualizando los listados de ectopar\u00e1sitos de mam\u00edferos, aves, reptiles y anfibios. Como resultados m\u00e1s evidentes, se hemos descrito varias especies de \u00e1caros de plumas, la colecta de pulgas en roedores de tierras altas y los nuevos reportes de \u00e1caros en reptiles. Estos trabajos complementan los desarrollados con garrapatas en fauna silvestre y dom\u00e9stica.<\/p>\n<ul>\n<li class=\"rich-text\" style=\"background: white; margin: 21.0pt 0cm 21.0pt 0cm;\">\n<h2><strong><span style=\"font-family: 'Noto Serif',serif; color: #191e23;\">Moscas, miasis y entomolog\u00eda forense<\/span><\/strong><\/h2>\n<\/li>\n<\/ul>\n<p class=\"rich-text\" style=\"background: white; margin: 21.0pt 0cm 21.0pt 0cm;\"><span style=\"font-family: 'Noto Serif',serif; color: #191e23;\">Los estudios con moscas son una l\u00ednea de investigaci\u00f3n alternativa en el Grupo de Estudios con Ectopar\u00e1sitos. En este caso, nos interesan las interacciones de moscas que causan miasis con animales dom\u00e9sticos, silvestres y humanos, principalmente aquellos con condiciones m\u00e9dicas previas. En el caso de miasis en fauna silvestre, estamos trabajando con los t\u00f3rsalos de roedores (<em>Cuterebra<\/em> spp.) y moscas del g\u00e9nero <em>Philornis<\/em> que afectan aves en nido.\u00a0<\/span><span style=\"font-family: 'Noto Serif',serif; color: #191e23;\">Paralelamente trabajamos con aquellas especies que aprovechan los cuerpos en descomposici\u00f3n.<\/span><\/p>\n","protected":false},"excerpt":{"rendered":"<p>Sistem\u00e1tica y taxonom\u00eda. La correcta identificaci\u00f3n de las garrapatas es un aspecto fundamental en nuestros estudios, para lo cual recurrimos a aspectos b\u00e1sicos de sistem\u00e1tica y taxonom\u00eda, utilizando descripciones de especies y revisi\u00f3n de material tipo. En algunos casos la identificaci\u00f3n morfol\u00f3gica es complementada con an\u00e1lisis moleculares, comparando ADN nuclear y mitocondrial de especies neotropicales. [&hellip;]<\/p>\n","protected":false},"author":1,"featured_media":0,"parent":0,"menu_order":0,"comment_status":"closed","ping_status":"closed","template":"","meta":[],"_links":{"self":[{"href":"https:\/\/ectoparasitos.gorgas.gob.pa\/index.php?rest_route=\/wp\/v2\/pages\/15"}],"collection":[{"href":"https:\/\/ectoparasitos.gorgas.gob.pa\/index.php?rest_route=\/wp\/v2\/pages"}],"about":[{"href":"https:\/\/ectoparasitos.gorgas.gob.pa\/index.php?rest_route=\/wp\/v2\/types\/page"}],"author":[{"embeddable":true,"href":"https:\/\/ectoparasitos.gorgas.gob.pa\/index.php?rest_route=\/wp\/v2\/users\/1"}],"replies":[{"embeddable":true,"href":"https:\/\/ectoparasitos.gorgas.gob.pa\/index.php?rest_route=%2Fwp%2Fv2%2Fcomments&post=15"}],"version-history":[{"count":11,"href":"https:\/\/ectoparasitos.gorgas.gob.pa\/index.php?rest_route=\/wp\/v2\/pages\/15\/revisions"}],"predecessor-version":[{"id":296,"href":"https:\/\/ectoparasitos.gorgas.gob.pa\/index.php?rest_route=\/wp\/v2\/pages\/15\/revisions\/296"}],"wp:attachment":[{"href":"https:\/\/ectoparasitos.gorgas.gob.pa\/index.php?rest_route=%2Fwp%2Fv2%2Fmedia&parent=15"}],"curies":[{"name":"wp","href":"https:\/\/api.w.org\/{rel}","templated":true}]}}