{"id":17,"date":"2020-06-25T13:30:38","date_gmt":"2020-06-25T13:30:38","guid":{"rendered":"http:\/\/ectoparasitos.gorgas.gob.pa\/?page_id=17"},"modified":"2021-04-19T14:05:41","modified_gmt":"2021-04-19T14:05:41","slug":"produccion-cientifica","status":"publish","type":"page","link":"https:\/\/ectoparasitos.gorgas.gob.pa\/?page_id=17","title":{"rendered":"Producci\u00f3n Cient\u00edfica"},"content":{"rendered":"<h1><b>Monograf\u00edas y Libros<\/b><\/h1>\n<p><a href=\"http:\/\/ectoparasitos.gorgas.gob.pa\/wp-content\/uploads\/2020\/06\/Garrapatas-Ixodidae-de-Panama.pdf\"><img decoding=\"async\" loading=\"lazy\" class=\"alignnone wp-image-49 size-medium\" src=\"http:\/\/ectoparasitos.gorgas.gob.pa\/wp-content\/uploads\/2020\/06\/Garrapatas-Ixodidae-de-Panama-259x300.jpg\" alt=\"\" width=\"259\" height=\"300\" srcset=\"https:\/\/ectoparasitos.gorgas.gob.pa\/wp-content\/uploads\/2020\/06\/Garrapatas-Ixodidae-de-Panama-259x300.jpg 259w, https:\/\/ectoparasitos.gorgas.gob.pa\/wp-content\/uploads\/2020\/06\/Garrapatas-Ixodidae-de-Panama.jpg 733w\" sizes=\"(max-width: 259px) 100vw, 259px\" \/><\/a>\u00a0 \u00a0\u00a0<a href=\"http:\/\/ectoparasitos.gorgas.gob.pa\/wp-content\/uploads\/2020\/06\/Bermudez-et-al.-2018.-Rickettsiosis-en-Panama-pasado-y-presente.pdf\"><img decoding=\"async\" loading=\"lazy\" class=\"alignnone size-medium wp-image-50\" src=\"http:\/\/ectoparasitos.gorgas.gob.pa\/wp-content\/uploads\/2020\/06\/pasado-y-presente-250x300.jpg\" alt=\"\" width=\"250\" height=\"300\" srcset=\"https:\/\/ectoparasitos.gorgas.gob.pa\/wp-content\/uploads\/2020\/06\/pasado-y-presente-250x300.jpg 250w, https:\/\/ectoparasitos.gorgas.gob.pa\/wp-content\/uploads\/2020\/06\/pasado-y-presente.jpg 717w\" sizes=\"(max-width: 250px) 100vw, 250px\" \/><\/a>\u00a0 \u00a0\u00a0<a href=\"http:\/\/ectoparasitos.gorgas.gob.pa\/wp-content\/uploads\/2020\/07\/Algunas-enfermedades-infecciosas-en-Mexico.pdf\"><img decoding=\"async\" loading=\"lazy\" class=\"alignnone wp-image-116 size-medium\" src=\"http:\/\/ectoparasitos.gorgas.gob.pa\/wp-content\/uploads\/2020\/06\/Algunas-enfermedades-infecciosas-en-Mexico-259x300.jpg\" alt=\"\" width=\"259\" height=\"300\" srcset=\"https:\/\/ectoparasitos.gorgas.gob.pa\/wp-content\/uploads\/2020\/06\/Algunas-enfermedades-infecciosas-en-Mexico-259x300.jpg 259w, https:\/\/ectoparasitos.gorgas.gob.pa\/wp-content\/uploads\/2020\/06\/Algunas-enfermedades-infecciosas-en-Mexico.jpg 733w\" sizes=\"(max-width: 259px) 100vw, 259px\" \/><\/a><a href=\"http:\/\/ectoparasitos.gorgas.gob.pa\/wp-content\/uploads\/2020\/07\/Importancia-Medica-de-la-Flora-y-Fauna-Panamena.pdf\"><img decoding=\"async\" loading=\"lazy\" class=\"alignnone wp-image-53 size-medium\" src=\"http:\/\/ectoparasitos.gorgas.gob.pa\/wp-content\/uploads\/2020\/06\/libro-Importancia-258x300.jpg\" alt=\"\" width=\"258\" height=\"300\" srcset=\"https:\/\/ectoparasitos.gorgas.gob.pa\/wp-content\/uploads\/2020\/06\/libro-Importancia-258x300.jpg 258w, https:\/\/ectoparasitos.gorgas.gob.pa\/wp-content\/uploads\/2020\/06\/libro-Importancia.jpg 640w\" sizes=\"(max-width: 258px) 100vw, 258px\" \/><\/a><\/p>\n<h1><b>Art\u00edculos cient\u00edficos<\/b><\/h1>\n<p><a href=\"http:\/\/ectoparasitos.gorgas.gob.pa\/wp-content\/uploads\/2020\/06\/PUBLICACIONES-EN-REVISTAS-INTERNACIONALES-INDEXADAS2020-1.pdf\"><img decoding=\"async\" loading=\"lazy\" class=\"alignnone wp-image-58 size-medium\" src=\"http:\/\/ectoparasitos.gorgas.gob.pa\/wp-content\/uploads\/2020\/06\/publicaciones-300x150.jpg\" alt=\"\" width=\"300\" height=\"150\" srcset=\"https:\/\/ectoparasitos.gorgas.gob.pa\/wp-content\/uploads\/2020\/06\/publicaciones-300x150.jpg 300w, https:\/\/ectoparasitos.gorgas.gob.pa\/wp-content\/uploads\/2020\/06\/publicaciones.jpg 741w\" sizes=\"(max-width: 300px) 100vw, 300px\" \/><\/a><\/p>\n<p>&nbsp;<\/p>\n<p>&nbsp;<\/p>\n","protected":false},"excerpt":{"rendered":"<p>Monograf\u00edas y Libros \u00a0 \u00a0\u00a0\u00a0 \u00a0\u00a0 Art\u00edculos cient\u00edficos &nbsp; &nbsp;<\/p>\n","protected":false},"author":1,"featured_media":0,"parent":0,"menu_order":0,"comment_status":"closed","ping_status":"closed","template":"","meta":[],"_links":{"self":[{"href":"https:\/\/ectoparasitos.gorgas.gob.pa\/index.php?rest_route=\/wp\/v2\/pages\/17"}],"collection":[{"href":"https:\/\/ectoparasitos.gorgas.gob.pa\/index.php?rest_route=\/wp\/v2\/pages"}],"about":[{"href":"https:\/\/ectoparasitos.gorgas.gob.pa\/index.php?rest_route=\/wp\/v2\/types\/page"}],"author":[{"embeddable":true,"href":"https:\/\/ectoparasitos.gorgas.gob.pa\/index.php?rest_route=\/wp\/v2\/users\/1"}],"replies":[{"embeddable":true,"href":"https:\/\/ectoparasitos.gorgas.gob.pa\/index.php?rest_route=%2Fwp%2Fv2%2Fcomments&post=17"}],"version-history":[{"count":20,"href":"https:\/\/ectoparasitos.gorgas.gob.pa\/index.php?rest_route=\/wp\/v2\/pages\/17\/revisions"}],"predecessor-version":[{"id":291,"href":"https:\/\/ectoparasitos.gorgas.gob.pa\/index.php?rest_route=\/wp\/v2\/pages\/17\/revisions\/291"}],"wp:attachment":[{"href":"https:\/\/ectoparasitos.gorgas.gob.pa\/index.php?rest_route=%2Fwp%2Fv2%2Fmedia&parent=17"}],"curies":[{"name":"wp","href":"https:\/\/api.w.org\/{rel}","templated":true}]}}