{"id":218,"date":"2020-07-30T18:57:00","date_gmt":"2020-07-30T18:57:00","guid":{"rendered":"http:\/\/ectoparasitos.gorgas.gob.pa\/?page_id=218"},"modified":"2021-09-08T20:09:50","modified_gmt":"2021-09-08T20:09:50","slug":"historia","status":"publish","type":"page","link":"https:\/\/ectoparasitos.gorgas.gob.pa\/?page_id=218","title":{"rendered":"Historia"},"content":{"rendered":"<p><strong>HISTORIA DE ESTUDIOS CON ECTOPAR\u00c1SITOS EN PANAM\u00c1<\/strong><\/p>\n<p>Los estudios con ectopar\u00e1sitos en Panam\u00e1 iniciaron a principios del siglo 20, cuando se investig\u00f3 la fiebre recurrente asociada a garrapatas Argasidae del g\u00e9nero <em>Ornithodoros<\/em>, siendo la primera enfermedad transmitida por garrapata estudiada en el pa\u00eds. Posteriormente se reportaron los primeros casos de rickettsiosis en Panam\u00e1: tifus murino por <em>Rickettsia typhi<\/em> asociado a pulgas a inicios de los a\u00f1os \u00b430, y fiebre manchada por <em>Rickettsia rickettsii<\/em> transmitida por garrapatas a principios de los a\u00f1os \u00b450. A diferencia de la fiebre recurrente y del tifus murino, <em>R. rickettsii<\/em> provoca la muerte en casos no tratados, manteniendo los s\u00edntomas m\u00e1s severos dentro del g\u00e9nero <em>Rickettsia<\/em>, por lo que es la enfermedad transmitida por garrapatas m\u00e1s importante en el continente.<\/p>\n<p>Paralelo a estos reportes se desarrollaron diversas investigaciones sobre la taxonom\u00eda y ecolog\u00eda de ectopar\u00e1sitos, enfocados principalmente en \u00e1caros (coloradillas y garrapatas) e insectos (pulgas y piojos). Estos trabajos generaron una importante cantidad de publicaciones cient\u00edficas. De hecho, por casi 70 a\u00f1os, investigadores paname\u00f1os y extranjeros brindaron novedosa informaci\u00f3n sobre la eco-epidemiolog\u00eda y taxonom\u00eda de ectopar\u00e1sitos en Panam\u00e1 y pa\u00edses vecinos, lo que permiti\u00f3 situar a Panam\u00e1 como uno de los principales focos de estudios de este tipo en el continente.<\/p>\n<p>En los \u00faltimos a\u00f1os, con la re-emergencia de casos de fiebre manchada por <em>R. rickettsii<\/em>, el incremento en los casos de ehrlichiosis canina, se ha renovado la necesidad de implementar nuevos estudios que mejoren el entendimiento de la ecolog\u00eda de los artr\u00f3podos con h\u00e1bitos ectoparas\u00edticos, as\u00ed como tambi\u00e9n su taxonom\u00eda e \u00a0importancia en salud p\u00fablica.<\/p>\n<p>A continuaci\u00f3n un resumen de los acontecimientos m\u00e1s importantes.<\/p>\n<p><strong><u>Sinopsis de hitos 1900-1970<\/u><\/strong><strong>:<\/strong><\/p>\n<p><strong>1909-1933. Primeros reportes de fiebre recurrente en la regi\u00f3n:<\/strong><\/p>\n<ul>\n<li>Diagn\u00f3stico y detecci\u00f3n de <em>Borrelia recurrentis <\/em>s<em>.<\/em>l. en el \u00e1rea canalera<\/li>\n<li>Estudios de patogenicidad en humanos y animales dom\u00e9sticos y silvestres.<\/li>\n<li>Reconocimiento de vectores: <em>Ornithodoros rudis<\/em>.<\/li>\n<\/ul>\n<p><strong>1932-1948. Rickettsiosis del Grupo tifus:<\/strong><\/p>\n<ul>\n<li>Descripci\u00f3n de cuadro cl\u00ednico de casos en Ciudad de Panam\u00e1<\/li>\n<\/ul>\n<p><strong>1930-1940. Estudios con coloradillas en Panam\u00e1.<\/strong><\/p>\n<p><strong>\u00a0<\/strong><strong>1950-1952. Rickettsiosis del Grupo Fiebres Manchadas: <\/strong><\/p>\n<ul>\n<li>Diagn\u00f3stico y detecci\u00f3n de <em>Rickettsia rickettsii<\/em> en Ciudad de Panam\u00e1, La Chorrera y Capira.<\/li>\n<li>Cultivo de <em>Rickettsia rickettsii<\/em> en la garrapata <em>Amblyomma mixtum<\/em> (llamada <em>A. cajennense<\/em>).<\/li>\n<li>Reconocimiento de potenciales vectores: <em>Amblyomma mixtum <\/em>y <em>Rhipicephalus sanguineus\u00a0<\/em>s.l.<\/li>\n<\/ul>\n<p><strong>1912-1963. Descripci\u00f3n de especies de garrapatas de Panam\u00e1:<\/strong><\/p>\n<ul>\n<li><em>Amblyomma darlingi<\/em> Nuttall 1912, sinonimizada a <em>Amblyomma oblongoguttatum<\/em> Koch, 1844.<\/li>\n<li><em>Amblyomma tapirellum, <\/em>Dunn, 1933.<\/li>\n<li><em>Amblyomma pecarium<\/em> Dunn, 1933.<\/li>\n<li><em>Haemaphysalis juxtakochi<\/em> Cooley, 1946.<\/li>\n<li><em>Ixodes tiptoni<\/em> Kohls and Clifford, 1963.<\/li>\n<\/ul>\n<ol start=\"1960\">\n<li><strong> Descripci\u00f3n de especies de pulgas de Panam\u00e1.<\/strong><\/li>\n<\/ol>\n<ul>\n<li><em>Jellisonia johnsonae<\/em> Tipton and M\u00e9ndez, 1961<\/li>\n<li><em>Kohlsia tiptoni<\/em> M\u00e9ndez and Altman, 1960<\/li>\n<li><em>Kohlsia keenani<\/em> Tipton and M\u00e9ndez, 1961<\/li>\n<li><em>Kohlsia traubi<\/em> Tipton and M\u00e9ndez, 1961<\/li>\n<li><em>Kohlsia falcata<\/em> M\u00e9ndez and Hanssen, 1975<\/li>\n<li><em>Megarthroglossus wilsoni<\/em> M\u00e9ndez and Haas, 1973<\/li>\n<li><em>Pleochaetis altamani<\/em> Tipton and M\u00e9ndez, 1961<\/li>\n<li>Scolopsyllus colombianus M\u00e9ndez, 1973<\/li>\n<\/ul>\n<ol start=\"1960\">\n<li><strong> Descripci\u00f3n de especies de piojos de Panam\u00e1.<\/strong><\/li>\n<\/ol>\n<ul>\n<li><em>Cummingsia<\/em><em> inopinata<\/em> M\u00e9ndez, 1973<\/li>\n<li><em>Echimyopus<\/em> <em>dasypus<\/em>, Fain, Lukoschus, Louppen, M\u00e9ndez, 1973<\/li>\n<li><em>Gyrops diplomys<\/em> M\u00e9ndez, 1967<\/li>\n<\/ul>\n<p><strong>\u00a0<\/strong><strong><u>Sinopsis de hitos 2007-actual<\/u><\/strong><\/p>\n<p><strong>Reporte de nuevos casos de fiebre manchada por <em>Rickettsia<\/em> <em>rickettsii<\/em><\/strong><\/p>\n<p><strong>Garrapatas y salud p\u00fablica:<\/strong><\/p>\n<p>Aislamientos y cultivo:<\/p>\n<ul>\n<li><em>Rickettsia rickettsii<\/em> a partir de tejido de paciente inoculado en cobayos.<\/li>\n<li><em>Rickettsia amblyommatis<\/em> a partir de <em>Amblyomma mixtum<\/em>.<\/li>\n<\/ul>\n<p>Detecci\u00f3n de <em>Rickettsia<\/em>\u00a0<em>rickettsii<\/em> en:<\/p>\n<ul>\n<li><em>Dermacentor nitens,<\/em><\/li>\n<li><em>Amblyomma mixtum,<\/em><\/li>\n<li><em>Rhipicephalus<\/em> <em>sanguineus <\/em>s.l.<\/li>\n<\/ul>\n<p>Detecci\u00f3n de <em>Rickettsia<\/em> <em>amblyommatis<\/em>:<\/p>\n<ul>\n<li><em>Amblyomma auricularium,<\/em><\/li>\n<li><em>Amblyomma geayi,<\/em><\/li>\n<li><em>Amblyomma longirostre,<\/em><\/li>\n<li><em>Amblyomma mixtum,<\/em><\/li>\n<li><em>Amblyomma ovale,<\/em><\/li>\n<li><em>Amblyomma pacae,<\/em><\/li>\n<li><em>Amblyomma varium,<\/em><\/li>\n<li><em>Dermacentor nitens,<\/em><\/li>\n<li><em>Haemaphysalis juxtakochi,<\/em><\/li>\n<li><em>Rhipicephalus sanguineus <\/em>s.l.,<\/li>\n<li><em>Ctenocephalides felis.<\/em><\/li>\n<\/ul>\n<p>Detecci\u00f3n de <em>Rickettsia<\/em> <em>felis<\/em>:<\/p>\n<ul>\n<li><em>Amblyomma mixtum,<\/em><\/li>\n<li><em>Ctenocephalides felis.<\/em><\/li>\n<\/ul>\n<p>Detecci\u00f3n de <em>Rickettsia<\/em> <em>bellii<\/em>:<\/p>\n<ul>\n<li><em>Amblyomma dissimile,<\/em><\/li>\n<li><em>Amblyomma rotundatum,<\/em><\/li>\n<li><em>Amblyomma sabanerae.<\/em><\/li>\n<\/ul>\n<p>Detecci\u00f3n de <em>Candidatus<\/em> \u00abRickettsia colombianensis\u00bb:<\/p>\n<ul>\n<li><em>Amblyomma dissimile.<\/em><\/li>\n<\/ul>\n<p>Detecci\u00f3n Rickettsia endosimbonte <em>Ixodes<\/em>:<\/p>\n<ul>\n<li><em>Ixodes affinis.<\/em><\/li>\n<\/ul>\n<p>Detecci\u00f3n de <em>Rickettsia<\/em> st. C325:<\/p>\n<ul>\n<li><em>Amblyomma longirostre.<\/em><\/li>\n<\/ul>\n<p>Detecci\u00f3n de <em>Rickettsia<\/em> cercana <em>R. raoultii<\/em>:<\/p>\n<ul>\n<li><em>Amblyomma geayi.<\/em><\/li>\n<\/ul>\n<p>Detecci\u00f3n de <em>Rickettsia<\/em> cercana <em>R. tamurae<\/em>:<\/p>\n<ul>\n<li><em>Amblyomma dissimile.<\/em><\/li>\n<\/ul>\n<p>Detecci\u00f3n de <em>Rickettsia <\/em>cepa\u00a0IbR\/CRC:<\/p>\n<ul>\n<li><em>Ixodes<\/em> cf. <em>boliviensis.<\/em><\/li>\n<\/ul>\n<p>Detecci\u00f3n de <em>Rickettsia<\/em> cepa\u00a0Itapirus LQ:<\/p>\n<ul>\n<li><em>Ixodes tapirus.<\/em><\/li>\n<\/ul>\n<p>Detecci\u00f3n de <em>Anaplasma phagocytophilum<\/em>:<\/p>\n<ul>\n<li><em>Ixodes tapirus.<\/em><\/li>\n<\/ul>\n<p>Detecci\u00f3n de\u00a0<i>Borrelia <\/i><i>burgdorferi<\/i> complex cepas A, B, C:<\/p>\n<ul>\n<li><em>Ixodes<\/em> cf. <em>boliviensis.<\/em><\/li>\n<\/ul>\n<p>Detecci\u00f3n de <em>Hepatozoon<\/em> cepa Chiriquensis:<\/p>\n<ul>\n<li><em>Ixodes<\/em> cf. <em>boliviensis.<\/em><\/li>\n<\/ul>\n<p>Detecci\u00f3n de <em>Babesia odocoilei:<\/em><\/p>\n<ul>\n<li><em>Ixodes<\/em> cf. <em>boliviensis.<\/em><\/li>\n<\/ul>\n<p>Asilamiento y descripci\u00f3n de <em>Borrelia puertoricensis<\/em>.<\/p>\n<ul>\n<li>A partir de <em>Ornithodoros puertoricensis.<\/em><\/li>\n<\/ul>\n<p>Serolog\u00eda de <em>Rickettsia<\/em> en animales dom\u00e9sticos y silvestres.<\/p>\n<p>Serolog\u00eda de <em>Rickettsia<\/em> en humanos.<\/p>\n<p>Nuevos casos de <em>Ornithodoros<\/em> parasitando humanos.<\/p>\n<p>Primer reporte de ehrlichiosis canina en humano.<\/p>\n<p><strong>Investigaci\u00f3n sobre la historia natural de las garrapatas:<\/strong><\/p>\n<p>Descripci\u00f3n de especies:<\/p>\n<ul>\n<li><em>Dermacentor<\/em> <em>panamensis<\/em> Apanaskevich and Berm\u00fadez, 2014<\/li>\n<li><em>Ixodes<\/em> <em>bocatorensis<\/em> Apanaskevich and Berm\u00fadez, 2017<\/li>\n<li>Descripci\u00f3n del macho de<em> Ixodes tapirus <\/em>Kohls, 1957.<\/li>\n<\/ul>\n<p>Nuevos reportes para Panam\u00e1:<\/p>\n<ul>\n<li><em>Ixodes auritulus<\/em><\/li>\n<li><em>Ixodes becquaerti<\/em><\/li>\n<li><em>Amblyomma rotundatum<\/em><\/li>\n<li><em>Ornithodoros<\/em> <em>capensis\u00a0<\/em>s.s.<\/li>\n<li><em>Ornithodoros clarki<\/em><\/li>\n<\/ul>\n<p>Nuevos reportes en Am\u00e9rica Central:<\/p>\n<ul>\n<li><em>Amblyomma tapirellum <\/em>(para Costa Rica)<\/li>\n<li><em>Dermacentor dissimile <\/em>(para Nicaragua)<\/li>\n<li><em>Ixodes boliviensis <\/em>(para Nicaragua)<\/li>\n<li><em>Ixodes tapirus <\/em>(para Costa Rica)<\/li>\n<li><em>Ornithodoros<\/em> <em>capensis\u00a0<\/em>s.l. (para Costa Rica)<\/li>\n<\/ul>\n<p><strong>Investigaci\u00f3n sobre taxonom\u00eda de \u00e1caros de plumas:<\/strong><\/p>\n<p>Descripci\u00f3n de g\u00e9neros y especies:<\/p>\n<ul>\n<li>Descripci\u00f3n del g\u00e9nero <em>Armophyllodes<\/em> Mironov and Berm\u00fadez, 2018<\/li>\n<li><em>Armophyllodes gracilis<\/em>\u00a0Mironov and Berm\u00fadez, 2018<\/li>\n<li><em>Armophyllodes robustus<\/em>\u00a0Mironov and Berm\u00fadez, 2018<\/li>\n<li><i>Pterotrogus panamensis<\/i> Mironov and Berm\u00fadez, 2017<\/li>\n<li><i>Trouerssartia hernandesi<\/i> Mironov and Berm\u00fadez, 2017<\/li>\n<li><em>Syringophilopsis bochkovi<\/em> Scoracki, Mironov and Berm\u00fadez, 2019<\/li>\n<li><em>Dendrocolaptobius lepidocolapti\u00a0<\/em>Mironov and Berm\u00fadez, 2020<\/li>\n<li><em>Nycteridocaulus apanaskevichi<\/em> Mironov &amp;\u00a0Berm\u00fadez, 2021<\/li>\n<li><em>Nycteridocaulus empidonicus<\/em> Mironov &amp;\u00a0Berm\u00fadez, 2021<\/li>\n<li><em>Atrichophyllodes myrmotherulae<\/em> Mironov &amp;\u00a0Berm\u00fadez, 2021<\/li>\n<\/ul>\n<ol start=\"2020\">\n<li><strong> Gu\u00eda para el abordaje Cl\u00ednico y Epidemiol\u00f3gico de las Rickettsiosis en Panam\u00e1, para su utilizaci\u00f3n en todas las instalaciones del sistema p\u00fablico de salud.<\/strong><\/li>\n<\/ol>\n","protected":false},"excerpt":{"rendered":"<p>HISTORIA DE ESTUDIOS CON ECTOPAR\u00c1SITOS EN PANAM\u00c1 Los estudios con ectopar\u00e1sitos en Panam\u00e1 iniciaron a principios del siglo 20, cuando se investig\u00f3 la fiebre recurrente asociada a garrapatas Argasidae del g\u00e9nero Ornithodoros, siendo la primera enfermedad transmitida por garrapata estudiada en el pa\u00eds. Posteriormente se reportaron los primeros casos de rickettsiosis en Panam\u00e1: tifus murino [&hellip;]<\/p>\n","protected":false},"author":1,"featured_media":0,"parent":0,"menu_order":0,"comment_status":"closed","ping_status":"closed","template":"","meta":[],"_links":{"self":[{"href":"https:\/\/ectoparasitos.gorgas.gob.pa\/index.php?rest_route=\/wp\/v2\/pages\/218"}],"collection":[{"href":"https:\/\/ectoparasitos.gorgas.gob.pa\/index.php?rest_route=\/wp\/v2\/pages"}],"about":[{"href":"https:\/\/ectoparasitos.gorgas.gob.pa\/index.php?rest_route=\/wp\/v2\/types\/page"}],"author":[{"embeddable":true,"href":"https:\/\/ectoparasitos.gorgas.gob.pa\/index.php?rest_route=\/wp\/v2\/users\/1"}],"replies":[{"embeddable":true,"href":"https:\/\/ectoparasitos.gorgas.gob.pa\/index.php?rest_route=%2Fwp%2Fv2%2Fcomments&post=218"}],"version-history":[{"count":8,"href":"https:\/\/ectoparasitos.gorgas.gob.pa\/index.php?rest_route=\/wp\/v2\/pages\/218\/revisions"}],"predecessor-version":[{"id":300,"href":"https:\/\/ectoparasitos.gorgas.gob.pa\/index.php?rest_route=\/wp\/v2\/pages\/218\/revisions\/300"}],"wp:attachment":[{"href":"https:\/\/ectoparasitos.gorgas.gob.pa\/index.php?rest_route=%2Fwp%2Fv2%2Fmedia&parent=218"}],"curies":[{"name":"wp","href":"https:\/\/api.w.org\/{rel}","templated":true}]}}