{"id":9,"date":"2020-06-25T13:29:06","date_gmt":"2020-06-25T13:29:06","guid":{"rendered":"http:\/\/ectoparasitos.gorgas.gob.pa\/?page_id=9"},"modified":"2021-09-08T19:56:51","modified_gmt":"2021-09-08T19:56:51","slug":"quienes-somos","status":"publish","type":"page","link":"https:\/\/ectoparasitos.gorgas.gob.pa\/?page_id=9","title":{"rendered":"\u00bfQuienes Somos?"},"content":{"rendered":"<p>Nuestro grupo est\u00e1 interesado en investigar la relevancia de los ectopar\u00e1sitos, tanto su historia natural, como en la salud p\u00fablica de Panam\u00e1 y de pa\u00edses vecinos. El \u00e9nfasis en la biolog\u00eda de las garrapatas y la ecolog\u00eda de las enfermedades que transmiten.<\/p>\n<hr \/>\n<h2><strong>Bi\u00f3l.\u00a0<\/strong><strong>Lillian Dom\u00ednguez A.\u00a0<\/strong><\/h2>\n<p><img decoding=\"async\" loading=\"lazy\" class=\"size-medium wp-image-84 alignleft\" src=\"http:\/\/ectoparasitos.gorgas.gob.pa\/wp-content\/uploads\/2020\/06\/lilian-293x300.jpg\" alt=\"\" width=\"293\" height=\"300\" \/>Licenciada en Biolog\u00eda con orientaci\u00f3n en Microbiolog\u00eda y Parasitolog\u00eda (Universidad de Panam\u00e1). Personal del Departamento de Investigaci\u00f3n en Entomolog\u00eda M\u00e9dica (DIEM) del Instituto Conmemorativo Gorgas de Estudios de la Salud (ICGES) desde el 2018, participando en estudios relacionadas con la ecolog\u00eda de garrapatas y su relaci\u00f3n con agentes pat\u00f3genos.<\/p>\n<p>Ha participado como instructora en el Primer Curso Internacional de Acarolog\u00eda Agr\u00edcola y expositora en el XV Congreso Internacional de Investigaci\u00f3n Cient\u00edfica, en Rep\u00fablica Dominicana<\/p>\n<p>Autora de 27 art\u00edculos cient\u00edficos en revistas especializadas internacionales indexadas, 17 como primera autora o autora en correspondencia, un art\u00edculo en revista nacional y co-autora en 3 libros.<\/p>\n<p><strong>Tesis de licenciatura:<\/strong><\/p>\n<p><strong>Dom\u00ednguez L<\/strong>, Miranda R, Torres S, Moreno R, Ortega J, Berm\u00fadez S. 2019. Hard ticks (Acari: Ixoididae) survey of Oleoducto Trail, Soberania National Park, Panama. <strong>Tick and Ticks-Borne Diseases 10: 830-837<\/strong>. <a href=\"https:\/\/doi.org\/10.1016\/j.ttbdis.2019.04.001\">https:\/\/doi.org\/10.1016\/j.ttbdis.2019.04.001<\/a>.<\/p>\n<p>&nbsp;<\/p>\n<p>&nbsp;<\/p>\n<hr \/>\n<h2><strong>M Sc.\u00a0<\/strong><strong>Sergio Berm\u00fadez C.\u00a0<\/strong><\/h2>\n<p><img decoding=\"async\" loading=\"lazy\" class=\"size-medium wp-image-44 alignleft\" src=\"http:\/\/ectoparasitos.gorgas.gob.pa\/wp-content\/uploads\/2020\/06\/sergio-293x300.jpg\" alt=\"\" width=\"293\" height=\"300\" \/><strong>Entom\u00f3logo e Investigador en Salud Senior III.<\/strong><br \/>\nInvestigador Asociado en la Estaci\u00f3n Cient\u00edfica Coiba AIP.<br \/>\nEstudiante de doctorado de la Universidad de la Rep\u00fablica (Uruguay).<br \/>\nLicenciado en Biolog\u00eda con orientaci\u00f3n en Biolog\u00eda Animal y M\u00e1ster en Ciencia con Especialidad en Entomolog\u00eda Agr\u00edcola, ambas en la Universidad de Panam\u00e1. Personal del DIEM-ICGES desde el 2004, iniciando funciones en encargado de la Colecci\u00f3n Zool\u00f3gica \u201cDr. Eustorgio M\u00e9ndez\u201d; a partir del 2007 como investigador, desarrollando estudios relacionadas con la ecolog\u00eda de garrapatas y su relaci\u00f3n con agentes pat\u00f3genos.<\/p>\n<p>Autor de 89 art\u00edculos cient\u00edficos en revistas especializadas internacionales indexadas, 44 como autor en correspondencia, 15 art\u00edculos en revistas nacionales y 4 libros.<\/p>\n<p>Mentor en ocho trabajos de tesis de Licenciatura en Biolog\u00eda de la Universidad de Panam\u00e1 y de cinco trabajos de tesis de Maestr\u00eda en: Universidad Nacional Aut\u00f3noma de Nicaragua-Le\u00f3n (UNAN), Wageningen Universit\u00e4t (Holanda), Instituto Nacional de Salud P\u00fablica (M\u00e9xico), Universidad de C\u00f3rdoba (Colombia), Programa Centroamericano de Maestr\u00eda en Entomolog\u00eda (Panam\u00e1).<\/p>\n<p>Profesor Invitado en la Universidad Nacional Aut\u00f3noma de Nicaragua y en la Universidad Nacional de Costa Rica (UNA) (desde 2016), atendiendo cursos de ecolog\u00eda de garrapatas a estudiantes de pre-grado y maestr\u00eda en veterinaria.<\/p>\n<p>Distinguido como Joven Sobresaliente, en la categor\u00eda Ciencia por el Programa J\u00f3venes Sobresalientes-Panam\u00e1 (2013), e Investigador del A\u00f1o en el Instituto Gorgas (2011). Patrocinio de investigaciones y pasant\u00edas por SENACYT, Deutsche Akademischer Austausch Dienst-CONARE (DAAD), Partners of the Americas, American Government Fellows y Center for Diseases Control and Prevention, e Instituto Smithsonian de Investigaciones Tropicales.<\/p>\n","protected":false},"excerpt":{"rendered":"<p>Nuestro grupo est\u00e1 interesado en investigar la relevancia de los ectopar\u00e1sitos, tanto su historia natural, como en la salud p\u00fablica de Panam\u00e1 y de pa\u00edses vecinos. El \u00e9nfasis en la biolog\u00eda de las garrapatas y la ecolog\u00eda de las enfermedades que transmiten. Bi\u00f3l.\u00a0Lillian Dom\u00ednguez A.\u00a0 Licenciada en Biolog\u00eda con orientaci\u00f3n en Microbiolog\u00eda y Parasitolog\u00eda (Universidad [&hellip;]<\/p>\n","protected":false},"author":1,"featured_media":0,"parent":0,"menu_order":0,"comment_status":"closed","ping_status":"closed","template":"","meta":[],"_links":{"self":[{"href":"https:\/\/ectoparasitos.gorgas.gob.pa\/index.php?rest_route=\/wp\/v2\/pages\/9"}],"collection":[{"href":"https:\/\/ectoparasitos.gorgas.gob.pa\/index.php?rest_route=\/wp\/v2\/pages"}],"about":[{"href":"https:\/\/ectoparasitos.gorgas.gob.pa\/index.php?rest_route=\/wp\/v2\/types\/page"}],"author":[{"embeddable":true,"href":"https:\/\/ectoparasitos.gorgas.gob.pa\/index.php?rest_route=\/wp\/v2\/users\/1"}],"replies":[{"embeddable":true,"href":"https:\/\/ectoparasitos.gorgas.gob.pa\/index.php?rest_route=%2Fwp%2Fv2%2Fcomments&post=9"}],"version-history":[{"count":14,"href":"https:\/\/ectoparasitos.gorgas.gob.pa\/index.php?rest_route=\/wp\/v2\/pages\/9\/revisions"}],"predecessor-version":[{"id":299,"href":"https:\/\/ectoparasitos.gorgas.gob.pa\/index.php?rest_route=\/wp\/v2\/pages\/9\/revisions\/299"}],"wp:attachment":[{"href":"https:\/\/ectoparasitos.gorgas.gob.pa\/index.php?rest_route=%2Fwp%2Fv2%2Fmedia&parent=9"}],"curies":[{"name":"wp","href":"https:\/\/api.w.org\/{rel}","templated":true}]}}